{"id":666,"date":"2022-11-11T19:27:48","date_gmt":"2022-11-11T19:27:48","guid":{"rendered":"https:\/\/math-sites.uncg.edu\/pde-conference\/?page_id=666"},"modified":"2022-11-11T19:27:48","modified_gmt":"2022-11-11T19:27:48","slug":"2021-conference-summary-and-feedback","status":"publish","type":"page","link":"https:\/\/math-sites.uncg.edu\/pde-conference\/2023-conf\/2021-conference-summary-and-feedback\/","title":{"rendered":"2021 Conference Summary and Feedback"},"content":{"rendered":"<p><img loading=\"lazy\" decoding=\"async\" class=\"aligncenter wp-image-483 size-large\" src=\"https:\/\/math-sites.uncg.edu\/pde-conference\/wp-content\/uploads\/sites\/22\/2022\/07\/2-1024x598.png\" alt=\"\" width=\"1024\" height=\"598\" srcset=\"https:\/\/math-sites.uncg.edu\/pde-conference\/wp-content\/uploads\/sites\/22\/2022\/07\/2-1024x598.png 1024w, https:\/\/math-sites.uncg.edu\/pde-conference\/wp-content\/uploads\/sites\/22\/2022\/07\/2-300x175.png 300w, https:\/\/math-sites.uncg.edu\/pde-conference\/wp-content\/uploads\/sites\/22\/2022\/07\/2-768x449.png 768w, https:\/\/math-sites.uncg.edu\/pde-conference\/wp-content\/uploads\/sites\/22\/2022\/07\/2-1536x897.png 1536w, https:\/\/math-sites.uncg.edu\/pde-conference\/wp-content\/uploads\/sites\/22\/2022\/07\/2.png 2000w\" sizes=\"auto, (max-width: 1024px) 100vw, 1024px\" \/><\/p>\n<p>The conference was sponsored by the UNC Greensboro Department of Mathematics and Statistics and Helen Barton Excellence Professorship Funds. It featured 6 plenary lectures by world renowned experts (Douglas Arnold, Alfonso Castro, M\u00f3nica Clapp, Xiaobing Feng, Peter Pol\u00e1cik, Beatrice Rivi\u00e8re) and 10 parallel contributed talk sessions with 47 presentations. In the opening ceremony, we broadcasted musical performances by UNCG School of Music students (Ian T. Jones and Yesenia Josefsberg) and invited Terri Shelton (Vice Chancellor for Research and Engagement) and Sat Gupta (Head, Department of Mathematics and Statistics) to give welcome remarks.<\/p>\n<h2>Demographics:<\/h2>\n<ul>\n<li>195 registered participants from 24 countries<\/li>\n<li>23 recent PhD (within three years) recipients<\/li>\n<li>56 graduate students<\/li>\n<\/ul>\n<h2>Select Survey Feedback:<\/h2>\n<p><img loading=\"lazy\" decoding=\"async\" class=\"wp-image-480 size-large aligncenter\" src=\"https:\/\/math-sites.uncg.edu\/pde-conference\/wp-content\/uploads\/sites\/22\/2022\/07\/Feedback_Summary-1024x490.png\" alt=\"\" width=\"1024\" height=\"490\" srcset=\"https:\/\/math-sites.uncg.edu\/pde-conference\/wp-content\/uploads\/sites\/22\/2022\/07\/Feedback_Summary-1024x490.png 1024w, https:\/\/math-sites.uncg.edu\/pde-conference\/wp-content\/uploads\/sites\/22\/2022\/07\/Feedback_Summary-300x143.png 300w, https:\/\/math-sites.uncg.edu\/pde-conference\/wp-content\/uploads\/sites\/22\/2022\/07\/Feedback_Summary-768x367.png 768w, https:\/\/math-sites.uncg.edu\/pde-conference\/wp-content\/uploads\/sites\/22\/2022\/07\/Feedback_Summary.png 1430w\" sizes=\"auto, (max-width: 1024px) 100vw, 1024px\" \/><\/p>\n<ul>\n<li>It was good for us to see friends like Alfonso Castro<\/li>\n<li>Hoping that will have another conference either online or in person<\/li>\n<li>+ Very nice introduction with history of UNCG and musical performance + Flow of conference was very good; timely, no lags. + Good variety of speakers\/topics. Overall: Great conference \ud83d\ude42<\/li>\n<li>This conference is an example on how online meetings should be.<\/li>\n<li>It is quite satisfactory to see that there are young people working on math.<\/li>\n<li>This conference is very beneficial for all the researchers.<\/li>\n<li>Very interesting<\/li>\n<li>Thanks and congratulaciones to the organizers.<\/li>\n<li>Wonderful event, I hope your invitation for any other, it was really nice. Thanks to all the organizers.<\/li>\n<li>This was an excellent conference. Lots of interesting talks on a wide variety of interesting topics.<\/li>\n<li>Excellent event. Excellent plenary speakers, perfect organization. I enjoyed it a lot. Many thanks to all organizers !!!<\/li>\n<li>Great conference!<\/li>\n<li>Thank you so much for nice conference<\/li>\n<\/ul>\n<p><img loading=\"lazy\" decoding=\"async\" class=\"wp-image-482 size-large aligncenter\" src=\"https:\/\/math-sites.uncg.edu\/pde-conference\/wp-content\/uploads\/sites\/22\/2022\/07\/1-1024x599.png\" alt=\"\" width=\"1024\" height=\"599\" srcset=\"https:\/\/math-sites.uncg.edu\/pde-conference\/wp-content\/uploads\/sites\/22\/2022\/07\/1-1024x599.png 1024w, https:\/\/math-sites.uncg.edu\/pde-conference\/wp-content\/uploads\/sites\/22\/2022\/07\/1-300x175.png 300w, https:\/\/math-sites.uncg.edu\/pde-conference\/wp-content\/uploads\/sites\/22\/2022\/07\/1-768x449.png 768w, https:\/\/math-sites.uncg.edu\/pde-conference\/wp-content\/uploads\/sites\/22\/2022\/07\/1-1536x898.png 1536w, https:\/\/math-sites.uncg.edu\/pde-conference\/wp-content\/uploads\/sites\/22\/2022\/07\/1.png 2000w\" sizes=\"auto, (max-width: 1024px) 100vw, 1024px\" \/><\/p>\n","protected":false},"excerpt":{"rendered":"<p>The conference was sponsored by the UNC Greensboro Department of Mathematics and Statistics and Helen Barton Excellence Professorship Funds. It featured 6&#8230;<\/p>\n","protected":false},"author":32,"featured_media":0,"parent":467,"menu_order":0,"comment_status":"closed","ping_status":"closed","template":"","meta":{"_acf_changed":false,"footnotes":""},"class_list":["post-666","page","type-page","status-publish","hentry"],"acf":[],"_links":{"self":[{"href":"https:\/\/math-sites.uncg.edu\/pde-conference\/wp-json\/wp\/v2\/pages\/666","targetHints":{"allow":["GET"]}}],"collection":[{"href":"https:\/\/math-sites.uncg.edu\/pde-conference\/wp-json\/wp\/v2\/pages"}],"about":[{"href":"https:\/\/math-sites.uncg.edu\/pde-conference\/wp-json\/wp\/v2\/types\/page"}],"author":[{"embeddable":true,"href":"https:\/\/math-sites.uncg.edu\/pde-conference\/wp-json\/wp\/v2\/users\/32"}],"replies":[{"embeddable":true,"href":"https:\/\/math-sites.uncg.edu\/pde-conference\/wp-json\/wp\/v2\/comments?post=666"}],"version-history":[{"count":1,"href":"https:\/\/math-sites.uncg.edu\/pde-conference\/wp-json\/wp\/v2\/pages\/666\/revisions"}],"predecessor-version":[{"id":667,"href":"https:\/\/math-sites.uncg.edu\/pde-conference\/wp-json\/wp\/v2\/pages\/666\/revisions\/667"}],"up":[{"embeddable":true,"href":"https:\/\/math-sites.uncg.edu\/pde-conference\/wp-json\/wp\/v2\/pages\/467"}],"wp:attachment":[{"href":"https:\/\/math-sites.uncg.edu\/pde-conference\/wp-json\/wp\/v2\/media?parent=666"}],"curies":[{"name":"wp","href":"https:\/\/api.w.org\/{rel}","templated":true}]}}